{"id":1901,"date":"2024-11-15T11:33:43","date_gmt":"2024-11-15T11:33:43","guid":{"rendered":"https:\/\/betrustful.com\/?post_type=product&#038;p=1901"},"modified":"2024-11-15T11:56:59","modified_gmt":"2024-11-15T11:56:59","slug":"t-shirt-masculina-be-trustful-preta-classica-e-versatil","status":"publish","type":"product","link":"https:\/\/betrustful.com\/en\/produto\/t-shirt-masculina-be-trustful-preta-classica-e-versatil\/","title":{"rendered":"T-shirt Masculina Be Trustful \u2013 Preta, Cl\u00e1ssica e Vers\u00e1til"},"content":{"rendered":"<p>Complete o seu guarda-roupa com a t-shirt preta da cole\u00e7\u00e3o Be Trustful, uma pe\u00e7a essencial para homens que valorizam praticidade e estilo atemporal. Ideal para qualquer ocasi\u00e3o, a camiseta combina design minimalista com alta qualidade.<\/p>\n<p><strong>Caracter\u00edsticas principais:<\/strong><\/p>\n<ul>\n<li>Cor preta s\u00f3lida, que nunca sai de moda e \u00e9 f\u00e1cil de combinar com outras pe\u00e7as da cole\u00e7\u00e3o.<br \/>\nModelagem regular fit, proporcionando conforto e liberdade de movimento.<br \/>\nTecido premium, macio ao toque e respir\u00e1vel, garantindo conforto durante todo o dia.<br \/>\nDetalhes discretos da marca Be Trustful, com um slogan bordado no peito que adiciona um toque de sofistica\u00e7\u00e3o sem exageros.<br \/>\nGola redonda refor\u00e7ada, que mant\u00e9m o formato mesmo ap\u00f3s v\u00e1rias lavagens.<\/li>\n<\/ul>\n<p><strong>Estilo e Versatilidade:\u00a0<\/strong><br \/>\nPerfeita para usar sozinha ou como base para sobreposi\u00e7\u00f5es, esta t-shirt preta \u00e9 um must-have no guarda-roupa. Combine com jeans, cal\u00e7as de moletom ou bermudas para looks que v\u00e3o do casual ao desportivo com facilidade.<\/p>\n<p><strong>Ocasi\u00f5es de uso:\u00a0<\/strong><br \/>\nQuer seja para treinos leves, passeios com amigos ou momentos relaxantes em casa, a t-shirt preta Be Trustful oferece o equil\u00edbrio ideal entre conforto e estilo moderno.<\/p>\n","protected":false},"excerpt":{"rendered":"<p>Complete o seu guarda-roupa com a t-shirt preta da cole\u00e7\u00e3o Be Trustful, uma pe\u00e7a essencial para homens que valorizam praticidade [&hellip;]<\/p>\n","protected":false},"featured_media":1902,"template":"","meta":{"site-sidebar-layout":"default","site-content-layout":"","ast-site-content-layout":"default","site-content-style":"default","site-sidebar-style":"default","ast-global-header-display":"","ast-banner-title-visibility":"","ast-main-header-display":"","ast-hfb-above-header-display":"","ast-hfb-below-header-display":"","ast-hfb-mobile-header-display":"","site-post-title":"","ast-breadcrumbs-content":"","ast-featured-img":"","footer-sml-layout":"","theme-transparent-header-meta":"default","adv-header-id-meta":"","stick-header-meta":"default","header-above-stick-meta":"","header-main-stick-meta":"","header-below-stick-meta":"","astra-migrate-meta-layouts":"set","ast-page-background-enabled":"default","ast-page-background-meta":{"desktop":{"background-color":"var(--ast-global-color-4)","background-image":"","background-repeat":"repeat","background-position":"center center","background-size":"auto","background-attachment":"scroll","background-type":"","background-media":"","overlay-type":"","overlay-color":"","overlay-opacity":"","overlay-gradient":""},"tablet":{"background-color":"","background-image":"","background-repeat":"repeat","background-position":"center center","background-size":"auto","background-attachment":"scroll","background-type":"","background-media":"","overlay-type":"","overlay-color":"","overlay-opacity":"","overlay-gradient":""},"mobile":{"background-color":"","background-image":"","background-repeat":"repeat","background-position":"center center","background-size":"auto","background-attachment":"scroll","background-type":"","background-media":"","overlay-type":"","overlay-color":"","overlay-opacity":"","overlay-gradient":""}},"ast-content-background-meta":{"desktop":{"background-color":"var(--ast-global-color-5)","background-image":"","background-repeat":"repeat","background-position":"center center","background-size":"auto","background-attachment":"scroll","background-type":"","background-media":"","overlay-type":"","overlay-color":"","overlay-opacity":"","overlay-gradient":""},"tablet":{"background-color":"var(--ast-global-color-5)","background-image":"","background-repeat":"repeat","background-position":"center center","background-size":"auto","background-attachment":"scroll","background-type":"","background-media":"","overlay-type":"","overlay-color":"","overlay-opacity":"","overlay-gradient":""},"mobile":{"background-color":"var(--ast-global-color-5)","background-image":"","background-repeat":"repeat","background-position":"center center","background-size":"auto","background-attachment":"scroll","background-type":"","background-media":"","overlay-type":"","overlay-color":"","overlay-opacity":"","overlay-gradient":""}}},"product_cat":[47],"product_tag":[81,83,85,87],"class_list":{"0":"post-1901","1":"product","2":"type-product","3":"status-publish","4":"has-post-thumbnail","6":"product_cat-homem","7":"product_tag-casual","8":"product_tag-moderno","9":"product_tag-pratico","10":"product_tag-t-shirt","11":"desktop-align-center","12":"tablet-align-center","13":"mobile-align-center","14":"ast-product-gallery-layout-horizontal-slider","16":"first","17":"instock","18":"taxable","19":"shipping-taxable","20":"purchasable","21":"product-type-simple"},"yoast_head":"<!-- This site is optimized with the Yoast SEO plugin v27.3 - https:\/\/yoast.com\/product\/yoast-seo-wordpress\/ -->\n<title>T-shirt Masculina Be Trustful \u2013 Preta, Cl\u00e1ssica e Vers\u00e1til - TRUSTFUL - T-Shirts Tees - BE BOLD, BE CONFIDENT, BE TRUSTFUL<\/title>\n<meta name=\"description\" content=\"T-shirt Masculina Be Trustful \u2013 Preta, Cl\u00e1ssica e Vers\u00e1til - Roupa casual e moderna, Trustful. Loja online de roupa portuguesa\" \/>\n<meta name=\"robots\" content=\"index, follow, max-snippet:-1, max-image-preview:large, max-video-preview:-1\" \/>\n<link rel=\"canonical\" href=\"https:\/\/betrustful.com\/en\/produto\/t-shirt-masculina-be-trustful-preta-classica-e-versatil\/\" \/>\n<meta property=\"og:locale\" content=\"en_US\" \/>\n<meta property=\"og:type\" content=\"article\" \/>\n<meta property=\"og:title\" content=\"T-shirt Masculina Be Trustful \u2013 Preta, Cl\u00e1ssica e Vers\u00e1til - TRUSTFUL - T-Shirts Tees - BE BOLD, BE CONFIDENT, BE TRUSTFUL\" \/>\n<meta property=\"og:description\" content=\"T-shirt Masculina Be Trustful \u2013 Preta, Cl\u00e1ssica e Vers\u00e1til - Roupa casual e moderna, Trustful. Loja online de roupa portuguesa\" \/>\n<meta property=\"og:url\" content=\"https:\/\/betrustful.com\/en\/produto\/t-shirt-masculina-be-trustful-preta-classica-e-versatil\/\" \/>\n<meta property=\"og:site_name\" content=\"TRUSTFUL - T-Shirts Tees - BE BOLD, BE CONFIDENT, BE TRUSTFUL\" \/>\n<meta property=\"article:publisher\" content=\"https:\/\/www.facebook.com\/betrustful.official\" \/>\n<meta property=\"article:modified_time\" content=\"2024-11-15T11:56:59+00:00\" \/>\n<meta property=\"og:image\" content=\"https:\/\/betrustful.com\/website\/wp-content\/uploads\/2024\/11\/Man-Tshirt-Black.png\" \/>\n\t<meta property=\"og:image:width\" content=\"960\" \/>\n\t<meta property=\"og:image:height\" content=\"1170\" \/>\n\t<meta property=\"og:image:type\" content=\"image\/png\" \/>\n<meta name=\"twitter:card\" content=\"summary_large_image\" \/>\n<meta name=\"twitter:label1\" content=\"Est. reading time\" \/>\n\t<meta name=\"twitter:data1\" content=\"2 minutes\" \/>\n<script type=\"application\/ld+json\" class=\"yoast-schema-graph\">{\"@context\":\"https:\\\/\\\/schema.org\",\"@graph\":[{\"@type\":\"WebPage\",\"@id\":\"https:\\\/\\\/betrustful.com\\\/en\\\/produto\\\/t-shirt-masculina-be-trustful-preta-classica-e-versatil\\\/\",\"url\":\"https:\\\/\\\/betrustful.com\\\/en\\\/produto\\\/t-shirt-masculina-be-trustful-preta-classica-e-versatil\\\/\",\"name\":\"T-shirt Masculina Be Trustful \u2013 Preta, Cl\u00e1ssica e Vers\u00e1til - TRUSTFUL - T-Shirts Tees - BE BOLD, BE CONFIDENT, BE TRUSTFUL\",\"isPartOf\":{\"@id\":\"https:\\\/\\\/betrustful.com\\\/en\\\/#website\"},\"primaryImageOfPage\":{\"@id\":\"https:\\\/\\\/betrustful.com\\\/en\\\/produto\\\/t-shirt-masculina-be-trustful-preta-classica-e-versatil\\\/#primaryimage\"},\"image\":{\"@id\":\"https:\\\/\\\/betrustful.com\\\/en\\\/produto\\\/t-shirt-masculina-be-trustful-preta-classica-e-versatil\\\/#primaryimage\"},\"thumbnailUrl\":\"https:\\\/\\\/betrustful.com\\\/website\\\/wp-content\\\/uploads\\\/2024\\\/11\\\/Man-Tshirt-Black.png\",\"datePublished\":\"2024-11-15T11:33:43+00:00\",\"dateModified\":\"2024-11-15T11:56:59+00:00\",\"description\":\"T-shirt Masculina Be Trustful \u2013 Preta, Cl\u00e1ssica e Vers\u00e1til - Roupa casual e moderna, Trustful. Loja online de roupa portuguesa\",\"breadcrumb\":{\"@id\":\"https:\\\/\\\/betrustful.com\\\/en\\\/produto\\\/t-shirt-masculina-be-trustful-preta-classica-e-versatil\\\/#breadcrumb\"},\"inLanguage\":\"en-US\",\"potentialAction\":[{\"@type\":\"ReadAction\",\"target\":[\"https:\\\/\\\/betrustful.com\\\/en\\\/produto\\\/t-shirt-masculina-be-trustful-preta-classica-e-versatil\\\/\"]}]},{\"@type\":\"ImageObject\",\"inLanguage\":\"en-US\",\"@id\":\"https:\\\/\\\/betrustful.com\\\/en\\\/produto\\\/t-shirt-masculina-be-trustful-preta-classica-e-versatil\\\/#primaryimage\",\"url\":\"https:\\\/\\\/betrustful.com\\\/website\\\/wp-content\\\/uploads\\\/2024\\\/11\\\/Man-Tshirt-Black.png\",\"contentUrl\":\"https:\\\/\\\/betrustful.com\\\/website\\\/wp-content\\\/uploads\\\/2024\\\/11\\\/Man-Tshirt-Black.png\",\"width\":960,\"height\":1170},{\"@type\":\"BreadcrumbList\",\"@id\":\"https:\\\/\\\/betrustful.com\\\/en\\\/produto\\\/t-shirt-masculina-be-trustful-preta-classica-e-versatil\\\/#breadcrumb\",\"itemListElement\":[{\"@type\":\"ListItem\",\"position\":1,\"name\":\"In\u00edcio\",\"item\":\"https:\\\/\\\/betrustful.com\\\/en\\\/\"},{\"@type\":\"ListItem\",\"position\":2,\"name\":\"Trustful - Online clothing store in Portugal\",\"item\":\"https:\\\/\\\/betrustful.com\\\/en\\\/shop\\\/\"},{\"@type\":\"ListItem\",\"position\":3,\"name\":\"T-shirt Masculina Be Trustful \u2013 Preta, Cl\u00e1ssica e Vers\u00e1til\"}]},{\"@type\":\"WebSite\",\"@id\":\"https:\\\/\\\/betrustful.com\\\/en\\\/#website\",\"url\":\"https:\\\/\\\/betrustful.com\\\/en\\\/\",\"name\":\"TRUSTFUL - T-Shirts Tees - BE BOLD, BE CONFIDENT, BE TRUSTFUL\",\"description\":\"BE BOLD, BE CONFIDENT, BE TRUSTFUL\",\"publisher\":{\"@id\":\"https:\\\/\\\/betrustful.com\\\/en\\\/#organization\"},\"alternateName\":\"Loja online de roupa jovem e moderna\",\"potentialAction\":[{\"@type\":\"SearchAction\",\"target\":{\"@type\":\"EntryPoint\",\"urlTemplate\":\"https:\\\/\\\/betrustful.com\\\/en\\\/?s={search_term_string}\"},\"query-input\":{\"@type\":\"PropertyValueSpecification\",\"valueRequired\":true,\"valueName\":\"search_term_string\"}}],\"inLanguage\":\"en-US\"},{\"@type\":\"Organization\",\"@id\":\"https:\\\/\\\/betrustful.com\\\/en\\\/#organization\",\"name\":\"TRUSTFUL - T-Shirts Tees - BE BOLD, BE CONFIDENT, BE TRUSTFUL\",\"alternateName\":\"Tshirts online store\",\"url\":\"https:\\\/\\\/betrustful.com\\\/en\\\/\",\"logo\":{\"@type\":\"ImageObject\",\"inLanguage\":\"en-US\",\"@id\":\"https:\\\/\\\/betrustful.com\\\/en\\\/#\\\/schema\\\/logo\\\/image\\\/\",\"url\":\"https:\\\/\\\/betrustful.com\\\/website\\\/wp-content\\\/uploads\\\/2024\\\/04\\\/logo-SQUARED-trustful-lettering-black.png\",\"contentUrl\":\"https:\\\/\\\/betrustful.com\\\/website\\\/wp-content\\\/uploads\\\/2024\\\/04\\\/logo-SQUARED-trustful-lettering-black.png\",\"width\":3732,\"height\":1986,\"caption\":\"TRUSTFUL - T-Shirts Tees - BE BOLD, BE CONFIDENT, BE TRUSTFUL\"},\"image\":{\"@id\":\"https:\\\/\\\/betrustful.com\\\/en\\\/#\\\/schema\\\/logo\\\/image\\\/\"},\"sameAs\":[\"https:\\\/\\\/www.facebook.com\\\/betrustful.official\",\"https:\\\/\\\/www.instagram.com\\\/betrustful.official\\\/\"]}]}<\/script>\n<!-- \/ Yoast SEO plugin. -->","yoast_head_json":{"title":"T-shirt Masculina Be Trustful \u2013 Preta, Cl\u00e1ssica e Vers\u00e1til - TRUSTFUL - T-Shirts Tees - BE BOLD, BE CONFIDENT, BE TRUSTFUL","description":"T-shirt Masculina Be Trustful \u2013 Preta, Cl\u00e1ssica e Vers\u00e1til - Roupa casual e moderna, Trustful. Loja online de roupa portuguesa","robots":{"index":"index","follow":"follow","max-snippet":"max-snippet:-1","max-image-preview":"max-image-preview:large","max-video-preview":"max-video-preview:-1"},"canonical":"https:\/\/betrustful.com\/en\/produto\/t-shirt-masculina-be-trustful-preta-classica-e-versatil\/","og_locale":"en_US","og_type":"article","og_title":"T-shirt Masculina Be Trustful \u2013 Preta, Cl\u00e1ssica e Vers\u00e1til - TRUSTFUL - T-Shirts Tees - BE BOLD, BE CONFIDENT, BE TRUSTFUL","og_description":"T-shirt Masculina Be Trustful \u2013 Preta, Cl\u00e1ssica e Vers\u00e1til - Roupa casual e moderna, Trustful. Loja online de roupa portuguesa","og_url":"https:\/\/betrustful.com\/en\/produto\/t-shirt-masculina-be-trustful-preta-classica-e-versatil\/","og_site_name":"TRUSTFUL - T-Shirts Tees - BE BOLD, BE CONFIDENT, BE TRUSTFUL","article_publisher":"https:\/\/www.facebook.com\/betrustful.official","article_modified_time":"2024-11-15T11:56:59+00:00","og_image":[{"width":960,"height":1170,"url":"https:\/\/betrustful.com\/website\/wp-content\/uploads\/2024\/11\/Man-Tshirt-Black.png","type":"image\/png"}],"twitter_card":"summary_large_image","twitter_misc":{"Est. reading time":"2 minutes"},"schema":{"@context":"https:\/\/schema.org","@graph":[{"@type":"WebPage","@id":"https:\/\/betrustful.com\/en\/produto\/t-shirt-masculina-be-trustful-preta-classica-e-versatil\/","url":"https:\/\/betrustful.com\/en\/produto\/t-shirt-masculina-be-trustful-preta-classica-e-versatil\/","name":"T-shirt Masculina Be Trustful \u2013 Preta, Cl\u00e1ssica e Vers\u00e1til - TRUSTFUL - T-Shirts Tees - BE BOLD, BE CONFIDENT, BE TRUSTFUL","isPartOf":{"@id":"https:\/\/betrustful.com\/en\/#website"},"primaryImageOfPage":{"@id":"https:\/\/betrustful.com\/en\/produto\/t-shirt-masculina-be-trustful-preta-classica-e-versatil\/#primaryimage"},"image":{"@id":"https:\/\/betrustful.com\/en\/produto\/t-shirt-masculina-be-trustful-preta-classica-e-versatil\/#primaryimage"},"thumbnailUrl":"https:\/\/betrustful.com\/website\/wp-content\/uploads\/2024\/11\/Man-Tshirt-Black.png","datePublished":"2024-11-15T11:33:43+00:00","dateModified":"2024-11-15T11:56:59+00:00","description":"T-shirt Masculina Be Trustful \u2013 Preta, Cl\u00e1ssica e Vers\u00e1til - Roupa casual e moderna, Trustful. Loja online de roupa portuguesa","breadcrumb":{"@id":"https:\/\/betrustful.com\/en\/produto\/t-shirt-masculina-be-trustful-preta-classica-e-versatil\/#breadcrumb"},"inLanguage":"en-US","potentialAction":[{"@type":"ReadAction","target":["https:\/\/betrustful.com\/en\/produto\/t-shirt-masculina-be-trustful-preta-classica-e-versatil\/"]}]},{"@type":"ImageObject","inLanguage":"en-US","@id":"https:\/\/betrustful.com\/en\/produto\/t-shirt-masculina-be-trustful-preta-classica-e-versatil\/#primaryimage","url":"https:\/\/betrustful.com\/website\/wp-content\/uploads\/2024\/11\/Man-Tshirt-Black.png","contentUrl":"https:\/\/betrustful.com\/website\/wp-content\/uploads\/2024\/11\/Man-Tshirt-Black.png","width":960,"height":1170},{"@type":"BreadcrumbList","@id":"https:\/\/betrustful.com\/en\/produto\/t-shirt-masculina-be-trustful-preta-classica-e-versatil\/#breadcrumb","itemListElement":[{"@type":"ListItem","position":1,"name":"In\u00edcio","item":"https:\/\/betrustful.com\/en\/"},{"@type":"ListItem","position":2,"name":"Trustful - Online clothing store in Portugal","item":"https:\/\/betrustful.com\/en\/shop\/"},{"@type":"ListItem","position":3,"name":"T-shirt Masculina Be Trustful \u2013 Preta, Cl\u00e1ssica e Vers\u00e1til"}]},{"@type":"WebSite","@id":"https:\/\/betrustful.com\/en\/#website","url":"https:\/\/betrustful.com\/en\/","name":"TRUSTFUL - T-Shirts Tees - BE BOLD, BE CONFIDENT, BE TRUSTFUL","description":"BE BOLD, BE CONFIDENT, BE TRUSTFUL","publisher":{"@id":"https:\/\/betrustful.com\/en\/#organization"},"alternateName":"Loja online de roupa jovem e moderna","potentialAction":[{"@type":"SearchAction","target":{"@type":"EntryPoint","urlTemplate":"https:\/\/betrustful.com\/en\/?s={search_term_string}"},"query-input":{"@type":"PropertyValueSpecification","valueRequired":true,"valueName":"search_term_string"}}],"inLanguage":"en-US"},{"@type":"Organization","@id":"https:\/\/betrustful.com\/en\/#organization","name":"TRUSTFUL - T-Shirts Tees - BE BOLD, BE CONFIDENT, BE TRUSTFUL","alternateName":"Tshirts online store","url":"https:\/\/betrustful.com\/en\/","logo":{"@type":"ImageObject","inLanguage":"en-US","@id":"https:\/\/betrustful.com\/en\/#\/schema\/logo\/image\/","url":"https:\/\/betrustful.com\/website\/wp-content\/uploads\/2024\/04\/logo-SQUARED-trustful-lettering-black.png","contentUrl":"https:\/\/betrustful.com\/website\/wp-content\/uploads\/2024\/04\/logo-SQUARED-trustful-lettering-black.png","width":3732,"height":1986,"caption":"TRUSTFUL - T-Shirts Tees - BE BOLD, BE CONFIDENT, BE TRUSTFUL"},"image":{"@id":"https:\/\/betrustful.com\/en\/#\/schema\/logo\/image\/"},"sameAs":["https:\/\/www.facebook.com\/betrustful.official","https:\/\/www.instagram.com\/betrustful.official\/"]}]}},"_links":{"self":[{"href":"https:\/\/betrustful.com\/en\/wp-json\/wp\/v2\/product\/1901","targetHints":{"allow":["GET"]}}],"collection":[{"href":"https:\/\/betrustful.com\/en\/wp-json\/wp\/v2\/product"}],"about":[{"href":"https:\/\/betrustful.com\/en\/wp-json\/wp\/v2\/types\/product"}],"version-history":[{"count":1,"href":"https:\/\/betrustful.com\/en\/wp-json\/wp\/v2\/product\/1901\/revisions"}],"predecessor-version":[{"id":1905,"href":"https:\/\/betrustful.com\/en\/wp-json\/wp\/v2\/product\/1901\/revisions\/1905"}],"wp:featuredmedia":[{"embeddable":true,"href":"https:\/\/betrustful.com\/en\/wp-json\/wp\/v2\/media\/1902"}],"wp:attachment":[{"href":"https:\/\/betrustful.com\/en\/wp-json\/wp\/v2\/media?parent=1901"}],"wp:term":[{"taxonomy":"product_cat","embeddable":true,"href":"https:\/\/betrustful.com\/en\/wp-json\/wp\/v2\/product_cat?post=1901"},{"taxonomy":"product_tag","embeddable":true,"href":"https:\/\/betrustful.com\/en\/wp-json\/wp\/v2\/product_tag?post=1901"}],"curies":[{"name":"wp","href":"https:\/\/api.w.org\/{rel}","templated":true}]}}